{"id":38,"date":"2020-01-22T22:08:10","date_gmt":"2020-01-22T20:08:10","guid":{"rendered":"http:\/\/www.elevia.fi\/?page_id=38"},"modified":"2020-01-22T22:09:03","modified_gmt":"2020-01-22T20:09:03","slug":"kuvia","status":"publish","type":"page","link":"https:\/\/elevia.fi\/?page_id=38","title":{"rendered":"Kuvia"},"content":{"rendered":"<p>T\u00e4ss\u00e4 on l\u00e4mp\u00f6kamerakuva melko vanhasta sulaketaulusta.<\/p>\n<p><a href=\"https:\/\/elevia.fi\/wp-content\/uploads\/2015\/01\/Sulaketaulu.jpg\"><img loading=\"lazy\" decoding=\"async\" class=\"alignnone size-medium wp-image-39\" src=\"https:\/\/elevia.fi\/wp-content\/uploads\/2015\/01\/Sulaketaulu-300x183.jpg\" alt=\"Sulaketaulu\" width=\"300\" height=\"183\" srcset=\"https:\/\/elevia.fi\/wp-content\/uploads\/2015\/01\/Sulaketaulu-300x183.jpg 300w, https:\/\/elevia.fi\/wp-content\/uploads\/2015\/01\/Sulaketaulu.jpg 783w\" sizes=\"auto, (max-width: 300px) 100vw, 300px\" \/><\/a><\/p>\n<p>Kuvassa n\u00e4kyy &#8221;kuumana&#8221; yksi sulake, mutta kyseess\u00e4 on kuitenkin<br \/>\nihan normaali tilanne, jossa sulake hieman l\u00e4mmennyt kun hella on<br \/>\nollut pidemp\u00e4\u00e4n p\u00e4\u00e4ll\u00e4.<\/p>\n<p>T\u00e4m\u00e4 t\u00e4llaisena esimerkkin\u00e4, siit\u00e4 ett\u00e4 l\u00e4mp\u00f6kuvien tulkitsemisen<br \/>\nhallitseminen vaatii tietoa ja taitoa. S\u00e4hk\u00f6laitteiston l\u00e4mp\u00f6kuvaaminen<br \/>\non erityisen haasteellista, ja vaatii aina virtojen mittaamista kohteesta.<\/p>\n<p>T\u00e4llaisesta &#8221;kannet kiinni&#8221; l\u00e4mp\u00f6kuvasta ei ole suurtakaan iloa,<br \/>\nkun oikeasti etsit\u00e4\u00e4n ongelmakohtia s\u00e4hk\u00f6njakeluj\u00e4rjestelm\u00e4st\u00e4.<\/p>\n","protected":false},"excerpt":{"rendered":"<p>T\u00e4ss\u00e4 on l\u00e4mp\u00f6kamerakuva melko vanhasta sulaketaulusta. Kuvassa n\u00e4kyy &#8221;kuumana&#8221; yksi sulake, mutta kyseess\u00e4 on kuitenkin ihan normaali tilanne, jossa sulake hieman l\u00e4mmennyt kun hella on ollut pidemp\u00e4\u00e4n p\u00e4\u00e4ll\u00e4. T\u00e4m\u00e4 t\u00e4llaisena esimerkkin\u00e4, siit\u00e4 ett\u00e4 l\u00e4mp\u00f6kuvien tulkitsemisen hallitseminen vaatii tietoa ja taitoa. S\u00e4hk\u00f6laitteiston l\u00e4mp\u00f6kuvaaminen on erityisen haasteellista, ja vaatii aina virtojen mittaamista kohteesta. T\u00e4llaisesta &#8221;kannet kiinni&#8221; l\u00e4mp\u00f6kuvasta &#8230; <a title=\"Kuvia\" class=\"read-more\" href=\"https:\/\/elevia.fi\/?page_id=38\" aria-label=\"Lue lis\u00e4\u00e4 aiheesta Kuvia\">Lue lis\u00e4\u00e4<\/a><\/p>\n","protected":false},"author":1,"featured_media":0,"parent":0,"menu_order":0,"comment_status":"open","ping_status":"open","template":"","meta":{"footnotes":""},"class_list":["post-38","page","type-page","status-publish"],"_links":{"self":[{"href":"https:\/\/elevia.fi\/index.php?rest_route=\/wp\/v2\/pages\/38","targetHints":{"allow":["GET"]}}],"collection":[{"href":"https:\/\/elevia.fi\/index.php?rest_route=\/wp\/v2\/pages"}],"about":[{"href":"https:\/\/elevia.fi\/index.php?rest_route=\/wp\/v2\/types\/page"}],"author":[{"embeddable":true,"href":"https:\/\/elevia.fi\/index.php?rest_route=\/wp\/v2\/users\/1"}],"replies":[{"embeddable":true,"href":"https:\/\/elevia.fi\/index.php?rest_route=%2Fwp%2Fv2%2Fcomments&post=38"}],"version-history":[{"count":4,"href":"https:\/\/elevia.fi\/index.php?rest_route=\/wp\/v2\/pages\/38\/revisions"}],"predecessor-version":[{"id":44,"href":"https:\/\/elevia.fi\/index.php?rest_route=\/wp\/v2\/pages\/38\/revisions\/44"}],"wp:attachment":[{"href":"https:\/\/elevia.fi\/index.php?rest_route=%2Fwp%2Fv2%2Fmedia&parent=38"}],"curies":[{"name":"wp","href":"https:\/\/api.w.org\/{rel}","templated":true}]}}