{"id":57,"date":"2020-01-22T22:08:09","date_gmt":"2020-01-22T20:08:09","guid":{"rendered":"http:\/\/www.elevia.fi\/?page_id=57"},"modified":"2020-01-22T22:09:48","modified_gmt":"2020-01-22T20:09:48","slug":"vuokraamo","status":"publish","type":"page","link":"https:\/\/elevia.fi\/?page_id=57","title":{"rendered":"Vuokraamo"},"content":{"rendered":"<p><a href=\"https:\/\/elevia.fi\/wp-content\/uploads\/2015\/08\/WP_20150818_026.jpg\"><img loading=\"lazy\" decoding=\"async\" class=\"alignnone wp-image-61\" src=\"https:\/\/elevia.fi\/wp-content\/uploads\/2015\/08\/WP_20150818_026-300x169.jpg\" alt=\"WP_20150818_026\" width=\"634\" height=\"357\" srcset=\"https:\/\/elevia.fi\/wp-content\/uploads\/2015\/08\/WP_20150818_026-300x169.jpg 300w, https:\/\/elevia.fi\/wp-content\/uploads\/2015\/08\/WP_20150818_026-1024x575.jpg 1024w\" sizes=\"auto, (max-width: 634px) 100vw, 634px\" \/><\/a><\/p>\n<p>Siirrett\u00e4v\u00e4 palju vuokrattavissa Muuramesta. Paljun l\u00e4mmitys ja k\u00e4ytt\u00f6 on helppoa, perehdyt\u00e4mme asiakkaan joka kerta vuokrauksen yhteydess\u00e4. Palju puhdistetaan ja desinfioidaan jokaisen vuokrauksen j\u00e4lkeen, joten saat varmasti miellytt\u00e4v\u00e4n kokemuksen.<\/p>\n<p>Siirrett\u00e4v\u00e4 palju kulkee auton per\u00e4ss\u00e4 vaivatta pidemm\u00e4nkin matkan kohteeseen. Letkuja t\u00e4ytt\u00f6\u00e4 ja tyhjennyst\u00e4 varten veloitukseksetta mukaan. Pumppu tarvikkeineen on vuokrattavissa mukaan, jos on tarve saada vesi vaikka j\u00e4rvest\u00e4. Kuljetus pyrit\u00e4\u00e4n tarvittaessa j\u00e4rjest\u00e4m\u00e4\u00e4n l\u00e4hialueelle.<\/p>\n<p>Viikonloppu 160 \u20ac<br \/>\nViikonloppup\u00e4iv\u00e4 100 \u20ac<br \/>\nArkip\u00e4iv\u00e4 su &#8211; to 80 \u20ac<br \/>\nArkiviikko su &#8211; to 160 \u20ac<br \/>\nViikko 250 \u20ac<\/p>\n<p>P\u00e4\u00e4si\u00e4inen 4 vrk 250 \u20ac<br \/>\nVappu 2vrk 250 \u20ac<br \/>\nJuhannus 4 vrk 300\u20ac<br \/>\nJoulu 4 vrk 300 \u20ac<br \/>\nUusivuosi 3 vrk 300 \u20ac<\/p>\n<p>S\u00e4hk\u00f6pumppu 10\u20ac\/vuokraus<br \/>\nNelitahtipumppu 20\u20ac\/vuokraus<br \/>\nKuljetus l\u00e4hialueelle 15\u20ac\/suunta<\/p>\n<p>Vuokraustiedustelut ja varaukset p. 040 762 4555 tai kari.leppanen(at)elevia.fi<\/p>\n","protected":false},"excerpt":{"rendered":"<p>Siirrett\u00e4v\u00e4 palju vuokrattavissa Muuramesta. Paljun l\u00e4mmitys ja k\u00e4ytt\u00f6 on helppoa, perehdyt\u00e4mme asiakkaan joka kerta vuokrauksen yhteydess\u00e4. Palju puhdistetaan ja desinfioidaan jokaisen vuokrauksen j\u00e4lkeen, joten saat varmasti miellytt\u00e4v\u00e4n kokemuksen. Siirrett\u00e4v\u00e4 palju kulkee auton per\u00e4ss\u00e4 vaivatta pidemm\u00e4nkin matkan kohteeseen. Letkuja t\u00e4ytt\u00f6\u00e4 ja tyhjennyst\u00e4 varten veloitukseksetta mukaan. Pumppu tarvikkeineen on vuokrattavissa mukaan, jos on tarve saada vesi vaikka &#8230; <a title=\"Vuokraamo\" class=\"read-more\" href=\"https:\/\/elevia.fi\/?page_id=57\" aria-label=\"Lue lis\u00e4\u00e4 aiheesta Vuokraamo\">Lue lis\u00e4\u00e4<\/a><\/p>\n","protected":false},"author":1,"featured_media":0,"parent":0,"menu_order":0,"comment_status":"closed","ping_status":"closed","template":"","meta":{"footnotes":""},"class_list":["post-57","page","type-page","status-publish"],"_links":{"self":[{"href":"https:\/\/elevia.fi\/index.php?rest_route=\/wp\/v2\/pages\/57","targetHints":{"allow":["GET"]}}],"collection":[{"href":"https:\/\/elevia.fi\/index.php?rest_route=\/wp\/v2\/pages"}],"about":[{"href":"https:\/\/elevia.fi\/index.php?rest_route=\/wp\/v2\/types\/page"}],"author":[{"embeddable":true,"href":"https:\/\/elevia.fi\/index.php?rest_route=\/wp\/v2\/users\/1"}],"replies":[{"embeddable":true,"href":"https:\/\/elevia.fi\/index.php?rest_route=%2Fwp%2Fv2%2Fcomments&post=57"}],"version-history":[{"count":9,"href":"https:\/\/elevia.fi\/index.php?rest_route=\/wp\/v2\/pages\/57\/revisions"}],"predecessor-version":[{"id":78,"href":"https:\/\/elevia.fi\/index.php?rest_route=\/wp\/v2\/pages\/57\/revisions\/78"}],"wp:attachment":[{"href":"https:\/\/elevia.fi\/index.php?rest_route=%2Fwp%2Fv2%2Fmedia&parent=57"}],"curies":[{"name":"wp","href":"https:\/\/api.w.org\/{rel}","templated":true}]}}